{"id":2890,"date":"2017-01-11T17:31:33","date_gmt":"2017-01-11T15:31:33","guid":{"rendered":"http:\/\/www.pereboil.com\/?page_id=2890\/"},"modified":"2023-04-04T17:52:49","modified_gmt":"2023-04-04T15:52:49","slug":"fp-dual","status":"publish","type":"page","link":"https:\/\/pereboil.com\/es\/empresas\/fp-dual\/","title":{"rendered":"FP Dual"},"content":{"rendered":"<header class=\"post-header\">\n<h3 class=\"gdlr-blog-title\">PRESENTACI\u00d3N FP DUAL PORT DE VAL\u00c8NCIA<\/h3>\n<\/header>\n<div class=\"clear\"><\/div>\n<div><a href=\"http:\/\/www.pereboil.com\/wp-content\/uploads\/2020\/09\/ppt-fpdual-v-def-1.pdf\" target=\"_blank\" rel=\"noopener noreferrer\">PPT-FPdual V Def (1)<\/a><\/div>\n<p>&nbsp;<\/p>\n<p><img loading=\"lazy\" decoding=\"async\" class=\"alignnone size-full wp-image-19040\" src=\"https:\/\/pereboil.com\/wp-content\/uploads\/2023\/04\/logo-conjunto.png\" alt=\"\" width=\"1458\" height=\"134\" srcset=\"https:\/\/pereboil.com\/wp-content\/uploads\/2023\/04\/logo-conjunto.png 1458w, https:\/\/pereboil.com\/wp-content\/uploads\/2023\/04\/logo-conjunto-300x28.png 300w, https:\/\/pereboil.com\/wp-content\/uploads\/2023\/04\/logo-conjunto-1024x94.png 1024w, https:\/\/pereboil.com\/wp-content\/uploads\/2023\/04\/logo-conjunto-768x71.png 768w\" sizes=\"(max-width: 1458px) 100vw, 1458px\" \/><\/p>\n","protected":false},"excerpt":{"rendered":"<p>PRESENTACI\u00d3N FP DUAL PORT DE VAL\u00c8NCIA PPT-FPdual V Def (1) &nbsp;<\/p>\n","protected":false},"author":3,"featured_media":21882,"parent":5606,"menu_order":1,"comment_status":"closed","ping_status":"closed","template":"","meta":{"jetpack_post_was_ever_published":false,"footnotes":""},"class_list":["post-2890","page","type-page","status-publish","has-post-thumbnail","hentry"],"yoast_head":"<!-- This site is optimized with the Yoast SEO plugin v23.0 - https:\/\/yoast.com\/wordpress\/plugins\/seo\/ -->\n<title>FP Dual - IES Pere Bo\u00efl<\/title>\n<meta name=\"robots\" content=\"index, follow, max-snippet:-1, max-image-preview:large, max-video-preview:-1\" \/>\n<link rel=\"canonical\" href=\"https:\/\/pereboil.com\/es\/empresas\/fp-dual\/\" \/>\n<meta property=\"og:locale\" content=\"es_ES\" \/>\n<meta property=\"og:type\" content=\"article\" \/>\n<meta property=\"og:title\" content=\"FP Dual - IES Pere Bo\u00efl\" \/>\n<meta property=\"og:description\" content=\"PRESENTACI\u00d3N FP DUAL PORT DE VAL\u00c8NCIA PPT-FPdual V Def (1) &nbsp;\" \/>\n<meta property=\"og:url\" content=\"https:\/\/pereboil.com\/es\/empresas\/fp-dual\/\" \/>\n<meta property=\"og:site_name\" content=\"IES Pere Bo\u00efl\" \/>\n<meta property=\"article:modified_time\" content=\"2023-04-04T15:52:49+00:00\" \/>\n<meta property=\"og:image\" content=\"https:\/\/pereboil.com\/wp-content\/uploads\/2023\/04\/logo-conjunto.png\" \/>\n<meta name=\"twitter:card\" content=\"summary_large_image\" \/>\n<script type=\"application\/ld+json\" class=\"yoast-schema-graph\">{\"@context\":\"https:\/\/schema.org\",\"@graph\":[{\"@type\":\"WebPage\",\"@id\":\"https:\/\/pereboil.com\/es\/empresas\/fp-dual\/\",\"url\":\"https:\/\/pereboil.com\/es\/empresas\/fp-dual\/\",\"name\":\"FP Dual - IES Pere Bo\u00efl\",\"isPartOf\":{\"@id\":\"https:\/\/pereboil.com\/#website\"},\"primaryImageOfPage\":{\"@id\":\"https:\/\/pereboil.com\/es\/empresas\/fp-dual\/#primaryimage\"},\"image\":{\"@id\":\"https:\/\/pereboil.com\/es\/empresas\/fp-dual\/#primaryimage\"},\"thumbnailUrl\":\"https:\/\/pereboil.com\/wp-content\/uploads\/2025\/09\/logo-ies-pere-boil-def_logo-ies-pere-boil-principal-color.jpg\",\"datePublished\":\"2017-01-11T15:31:33+00:00\",\"dateModified\":\"2023-04-04T15:52:49+00:00\",\"breadcrumb\":{\"@id\":\"https:\/\/pereboil.com\/es\/empresas\/fp-dual\/#breadcrumb\"},\"inLanguage\":\"es\",\"potentialAction\":[{\"@type\":\"ReadAction\",\"target\":[\"https:\/\/pereboil.com\/es\/empresas\/fp-dual\/\"]}]},{\"@type\":\"ImageObject\",\"inLanguage\":\"es\",\"@id\":\"https:\/\/pereboil.com\/es\/empresas\/fp-dual\/#primaryimage\",\"url\":\"https:\/\/pereboil.com\/wp-content\/uploads\/2025\/09\/logo-ies-pere-boil-def_logo-ies-pere-boil-principal-color.jpg\",\"contentUrl\":\"https:\/\/pereboil.com\/wp-content\/uploads\/2025\/09\/logo-ies-pere-boil-def_logo-ies-pere-boil-principal-color.jpg\",\"width\":2117,\"height\":799},{\"@type\":\"BreadcrumbList\",\"@id\":\"https:\/\/pereboil.com\/es\/empresas\/fp-dual\/#breadcrumb\",\"itemListElement\":[{\"@type\":\"ListItem\",\"position\":1,\"name\":\"Inici\",\"item\":\"https:\/\/pereboil.com\/es\/\"},{\"@type\":\"ListItem\",\"position\":2,\"name\":\"Empresas\",\"item\":\"https:\/\/pereboil.com\/es\/empresas\/\"},{\"@type\":\"ListItem\",\"position\":3,\"name\":\"FP Dual\"}]},{\"@type\":\"WebSite\",\"@id\":\"https:\/\/pereboil.com\/#website\",\"url\":\"https:\/\/pereboil.com\/\",\"name\":\"IES Pere Bo\u00efl\",\"description\":\"IES Pere Bo\u00efl\",\"potentialAction\":[{\"@type\":\"SearchAction\",\"target\":{\"@type\":\"EntryPoint\",\"urlTemplate\":\"https:\/\/pereboil.com\/?s={search_term_string}\"},\"query-input\":\"required name=search_term_string\"}],\"inLanguage\":\"es\"}]}<\/script>\n<!-- \/ Yoast SEO plugin. -->","yoast_head_json":{"title":"FP Dual - IES Pere Bo\u00efl","robots":{"index":"index","follow":"follow","max-snippet":"max-snippet:-1","max-image-preview":"max-image-preview:large","max-video-preview":"max-video-preview:-1"},"canonical":"https:\/\/pereboil.com\/es\/empresas\/fp-dual\/","og_locale":"es_ES","og_type":"article","og_title":"FP Dual - IES Pere Bo\u00efl","og_description":"PRESENTACI\u00d3N FP DUAL PORT DE VAL\u00c8NCIA PPT-FPdual V Def (1) &nbsp;","og_url":"https:\/\/pereboil.com\/es\/empresas\/fp-dual\/","og_site_name":"IES Pere Bo\u00efl","article_modified_time":"2023-04-04T15:52:49+00:00","og_image":[{"url":"https:\/\/pereboil.com\/wp-content\/uploads\/2023\/04\/logo-conjunto.png"}],"twitter_card":"summary_large_image","schema":{"@context":"https:\/\/schema.org","@graph":[{"@type":"WebPage","@id":"https:\/\/pereboil.com\/es\/empresas\/fp-dual\/","url":"https:\/\/pereboil.com\/es\/empresas\/fp-dual\/","name":"FP Dual - IES Pere Bo\u00efl","isPartOf":{"@id":"https:\/\/pereboil.com\/#website"},"primaryImageOfPage":{"@id":"https:\/\/pereboil.com\/es\/empresas\/fp-dual\/#primaryimage"},"image":{"@id":"https:\/\/pereboil.com\/es\/empresas\/fp-dual\/#primaryimage"},"thumbnailUrl":"https:\/\/pereboil.com\/wp-content\/uploads\/2025\/09\/logo-ies-pere-boil-def_logo-ies-pere-boil-principal-color.jpg","datePublished":"2017-01-11T15:31:33+00:00","dateModified":"2023-04-04T15:52:49+00:00","breadcrumb":{"@id":"https:\/\/pereboil.com\/es\/empresas\/fp-dual\/#breadcrumb"},"inLanguage":"es","potentialAction":[{"@type":"ReadAction","target":["https:\/\/pereboil.com\/es\/empresas\/fp-dual\/"]}]},{"@type":"ImageObject","inLanguage":"es","@id":"https:\/\/pereboil.com\/es\/empresas\/fp-dual\/#primaryimage","url":"https:\/\/pereboil.com\/wp-content\/uploads\/2025\/09\/logo-ies-pere-boil-def_logo-ies-pere-boil-principal-color.jpg","contentUrl":"https:\/\/pereboil.com\/wp-content\/uploads\/2025\/09\/logo-ies-pere-boil-def_logo-ies-pere-boil-principal-color.jpg","width":2117,"height":799},{"@type":"BreadcrumbList","@id":"https:\/\/pereboil.com\/es\/empresas\/fp-dual\/#breadcrumb","itemListElement":[{"@type":"ListItem","position":1,"name":"Inici","item":"https:\/\/pereboil.com\/es\/"},{"@type":"ListItem","position":2,"name":"Empresas","item":"https:\/\/pereboil.com\/es\/empresas\/"},{"@type":"ListItem","position":3,"name":"FP Dual"}]},{"@type":"WebSite","@id":"https:\/\/pereboil.com\/#website","url":"https:\/\/pereboil.com\/","name":"IES Pere Bo\u00efl","description":"IES Pere Bo\u00efl","potentialAction":[{"@type":"SearchAction","target":{"@type":"EntryPoint","urlTemplate":"https:\/\/pereboil.com\/?s={search_term_string}"},"query-input":"required name=search_term_string"}],"inLanguage":"es"}]}},"jetpack_sharing_enabled":true,"jetpack_shortlink":"https:\/\/wp.me\/P7xOKx-KC","_links":{"self":[{"href":"https:\/\/pereboil.com\/es\/wp-json\/wp\/v2\/pages\/2890"}],"collection":[{"href":"https:\/\/pereboil.com\/es\/wp-json\/wp\/v2\/pages"}],"about":[{"href":"https:\/\/pereboil.com\/es\/wp-json\/wp\/v2\/types\/page"}],"author":[{"embeddable":true,"href":"https:\/\/pereboil.com\/es\/wp-json\/wp\/v2\/users\/3"}],"replies":[{"embeddable":true,"href":"https:\/\/pereboil.com\/es\/wp-json\/wp\/v2\/comments?post=2890"}],"version-history":[{"count":10,"href":"https:\/\/pereboil.com\/es\/wp-json\/wp\/v2\/pages\/2890\/revisions"}],"predecessor-version":[{"id":19051,"href":"https:\/\/pereboil.com\/es\/wp-json\/wp\/v2\/pages\/2890\/revisions\/19051"}],"up":[{"embeddable":true,"href":"https:\/\/pereboil.com\/es\/wp-json\/wp\/v2\/pages\/5606"}],"wp:featuredmedia":[{"embeddable":true,"href":"https:\/\/pereboil.com\/es\/wp-json\/wp\/v2\/media\/21882"}],"wp:attachment":[{"href":"https:\/\/pereboil.com\/es\/wp-json\/wp\/v2\/media?parent=2890"}],"curies":[{"name":"wp","href":"https:\/\/api.w.org\/{rel}","templated":true}]}}