{"id":12682,"date":"2020-05-07T11:44:30","date_gmt":"2020-05-07T09:44:30","guid":{"rendered":"http:\/\/www.pereboil.com\/adaptacio-de-les-programacions-i-criteris-davaluacio-covid-19\/"},"modified":"2020-05-15T16:28:29","modified_gmt":"2020-05-15T14:28:29","slug":"adaptacion-de-las-programaciones-y-criterios-de-evaluacion-covid-19","status":"publish","type":"page","link":"https:\/\/pereboil.com\/es\/adaptacion-de-las-programaciones-y-criterios-de-evaluacion-covid-19\/","title":{"rendered":"Adaptaci\u00f3n de las programaciones y criterios de evaluaci\u00f3n (COVID-19)"},"content":{"rendered":"","protected":false},"excerpt":{"rendered":"","protected":false},"author":1,"featured_media":21882,"parent":0,"menu_order":0,"comment_status":"closed","ping_status":"closed","template":"","meta":{"jetpack_post_was_ever_published":false,"footnotes":""},"class_list":["post-12682","page","type-page","status-publish","has-post-thumbnail","hentry"],"yoast_head":"<!-- This site is optimized with the Yoast SEO plugin v23.0 - https:\/\/yoast.com\/wordpress\/plugins\/seo\/ -->\n<title>Adaptaci\u00f3n de las programaciones y criterios de evaluaci\u00f3n (COVID-19) - IES Pere Bo\u00efl<\/title>\n<meta name=\"robots\" content=\"index, follow, max-snippet:-1, max-image-preview:large, max-video-preview:-1\" \/>\n<link rel=\"canonical\" href=\"https:\/\/pereboil.com\/es\/adaptacion-de-las-programaciones-y-criterios-de-evaluacion-covid-19\/\" \/>\n<meta property=\"og:locale\" content=\"es_ES\" \/>\n<meta property=\"og:type\" content=\"article\" \/>\n<meta property=\"og:title\" content=\"Adaptaci\u00f3n de las programaciones y criterios de evaluaci\u00f3n (COVID-19) - IES Pere Bo\u00efl\" \/>\n<meta property=\"og:url\" content=\"https:\/\/pereboil.com\/es\/adaptacion-de-las-programaciones-y-criterios-de-evaluacion-covid-19\/\" \/>\n<meta property=\"og:site_name\" content=\"IES Pere Bo\u00efl\" \/>\n<meta property=\"article:modified_time\" content=\"2020-05-15T14:28:29+00:00\" \/>\n<meta property=\"og:image\" content=\"https:\/\/pereboil.com\/wp-content\/uploads\/2016\/11\/img_default.jpg\" \/>\n\t<meta property=\"og:image:width\" content=\"350\" \/>\n\t<meta property=\"og:image:height\" content=\"280\" \/>\n\t<meta property=\"og:image:type\" content=\"image\/jpeg\" \/>\n<meta name=\"twitter:card\" content=\"summary_large_image\" \/>\n<script type=\"application\/ld+json\" class=\"yoast-schema-graph\">{\"@context\":\"https:\/\/schema.org\",\"@graph\":[{\"@type\":\"WebPage\",\"@id\":\"https:\/\/pereboil.com\/es\/adaptacion-de-las-programaciones-y-criterios-de-evaluacion-covid-19\/\",\"url\":\"https:\/\/pereboil.com\/es\/adaptacion-de-las-programaciones-y-criterios-de-evaluacion-covid-19\/\",\"name\":\"Adaptaci\u00f3n de las programaciones y criterios de evaluaci\u00f3n (COVID-19) - IES Pere Bo\u00efl\",\"isPartOf\":{\"@id\":\"https:\/\/pereboil.com\/#website\"},\"primaryImageOfPage\":{\"@id\":\"https:\/\/pereboil.com\/es\/adaptacion-de-las-programaciones-y-criterios-de-evaluacion-covid-19\/#primaryimage\"},\"image\":{\"@id\":\"https:\/\/pereboil.com\/es\/adaptacion-de-las-programaciones-y-criterios-de-evaluacion-covid-19\/#primaryimage\"},\"thumbnailUrl\":\"https:\/\/pereboil.com\/wp-content\/uploads\/2025\/09\/logo-ies-pere-boil-def_logo-ies-pere-boil-principal-color.jpg\",\"datePublished\":\"2020-05-07T09:44:30+00:00\",\"dateModified\":\"2020-05-15T14:28:29+00:00\",\"breadcrumb\":{\"@id\":\"https:\/\/pereboil.com\/es\/adaptacion-de-las-programaciones-y-criterios-de-evaluacion-covid-19\/#breadcrumb\"},\"inLanguage\":\"es\",\"potentialAction\":[{\"@type\":\"ReadAction\",\"target\":[\"https:\/\/pereboil.com\/es\/adaptacion-de-las-programaciones-y-criterios-de-evaluacion-covid-19\/\"]}]},{\"@type\":\"ImageObject\",\"inLanguage\":\"es\",\"@id\":\"https:\/\/pereboil.com\/es\/adaptacion-de-las-programaciones-y-criterios-de-evaluacion-covid-19\/#primaryimage\",\"url\":\"https:\/\/pereboil.com\/wp-content\/uploads\/2025\/09\/logo-ies-pere-boil-def_logo-ies-pere-boil-principal-color.jpg\",\"contentUrl\":\"https:\/\/pereboil.com\/wp-content\/uploads\/2025\/09\/logo-ies-pere-boil-def_logo-ies-pere-boil-principal-color.jpg\",\"width\":2117,\"height\":799},{\"@type\":\"BreadcrumbList\",\"@id\":\"https:\/\/pereboil.com\/es\/adaptacion-de-las-programaciones-y-criterios-de-evaluacion-covid-19\/#breadcrumb\",\"itemListElement\":[{\"@type\":\"ListItem\",\"position\":1,\"name\":\"Inici\",\"item\":\"https:\/\/pereboil.com\/es\/\"},{\"@type\":\"ListItem\",\"position\":2,\"name\":\"Adaptaci\u00f3n de las programaciones y criterios de evaluaci\u00f3n (COVID-19)\"}]},{\"@type\":\"WebSite\",\"@id\":\"https:\/\/pereboil.com\/#website\",\"url\":\"https:\/\/pereboil.com\/\",\"name\":\"IES Pere Bo\u00efl\",\"description\":\"IES Pere Bo\u00efl\",\"potentialAction\":[{\"@type\":\"SearchAction\",\"target\":{\"@type\":\"EntryPoint\",\"urlTemplate\":\"https:\/\/pereboil.com\/?s={search_term_string}\"},\"query-input\":\"required name=search_term_string\"}],\"inLanguage\":\"es\"}]}<\/script>\n<!-- \/ Yoast SEO plugin. -->","yoast_head_json":{"title":"Adaptaci\u00f3n de las programaciones y criterios de evaluaci\u00f3n (COVID-19) - IES Pere Bo\u00efl","robots":{"index":"index","follow":"follow","max-snippet":"max-snippet:-1","max-image-preview":"max-image-preview:large","max-video-preview":"max-video-preview:-1"},"canonical":"https:\/\/pereboil.com\/es\/adaptacion-de-las-programaciones-y-criterios-de-evaluacion-covid-19\/","og_locale":"es_ES","og_type":"article","og_title":"Adaptaci\u00f3n de las programaciones y criterios de evaluaci\u00f3n (COVID-19) - IES Pere Bo\u00efl","og_url":"https:\/\/pereboil.com\/es\/adaptacion-de-las-programaciones-y-criterios-de-evaluacion-covid-19\/","og_site_name":"IES Pere Bo\u00efl","article_modified_time":"2020-05-15T14:28:29+00:00","og_image":[{"width":350,"height":280,"url":"https:\/\/pereboil.com\/wp-content\/uploads\/2016\/11\/img_default.jpg","type":"image\/jpeg"}],"twitter_card":"summary_large_image","schema":{"@context":"https:\/\/schema.org","@graph":[{"@type":"WebPage","@id":"https:\/\/pereboil.com\/es\/adaptacion-de-las-programaciones-y-criterios-de-evaluacion-covid-19\/","url":"https:\/\/pereboil.com\/es\/adaptacion-de-las-programaciones-y-criterios-de-evaluacion-covid-19\/","name":"Adaptaci\u00f3n de las programaciones y criterios de evaluaci\u00f3n (COVID-19) - IES Pere Bo\u00efl","isPartOf":{"@id":"https:\/\/pereboil.com\/#website"},"primaryImageOfPage":{"@id":"https:\/\/pereboil.com\/es\/adaptacion-de-las-programaciones-y-criterios-de-evaluacion-covid-19\/#primaryimage"},"image":{"@id":"https:\/\/pereboil.com\/es\/adaptacion-de-las-programaciones-y-criterios-de-evaluacion-covid-19\/#primaryimage"},"thumbnailUrl":"https:\/\/pereboil.com\/wp-content\/uploads\/2025\/09\/logo-ies-pere-boil-def_logo-ies-pere-boil-principal-color.jpg","datePublished":"2020-05-07T09:44:30+00:00","dateModified":"2020-05-15T14:28:29+00:00","breadcrumb":{"@id":"https:\/\/pereboil.com\/es\/adaptacion-de-las-programaciones-y-criterios-de-evaluacion-covid-19\/#breadcrumb"},"inLanguage":"es","potentialAction":[{"@type":"ReadAction","target":["https:\/\/pereboil.com\/es\/adaptacion-de-las-programaciones-y-criterios-de-evaluacion-covid-19\/"]}]},{"@type":"ImageObject","inLanguage":"es","@id":"https:\/\/pereboil.com\/es\/adaptacion-de-las-programaciones-y-criterios-de-evaluacion-covid-19\/#primaryimage","url":"https:\/\/pereboil.com\/wp-content\/uploads\/2025\/09\/logo-ies-pere-boil-def_logo-ies-pere-boil-principal-color.jpg","contentUrl":"https:\/\/pereboil.com\/wp-content\/uploads\/2025\/09\/logo-ies-pere-boil-def_logo-ies-pere-boil-principal-color.jpg","width":2117,"height":799},{"@type":"BreadcrumbList","@id":"https:\/\/pereboil.com\/es\/adaptacion-de-las-programaciones-y-criterios-de-evaluacion-covid-19\/#breadcrumb","itemListElement":[{"@type":"ListItem","position":1,"name":"Inici","item":"https:\/\/pereboil.com\/es\/"},{"@type":"ListItem","position":2,"name":"Adaptaci\u00f3n de las programaciones y criterios de evaluaci\u00f3n (COVID-19)"}]},{"@type":"WebSite","@id":"https:\/\/pereboil.com\/#website","url":"https:\/\/pereboil.com\/","name":"IES Pere Bo\u00efl","description":"IES Pere Bo\u00efl","potentialAction":[{"@type":"SearchAction","target":{"@type":"EntryPoint","urlTemplate":"https:\/\/pereboil.com\/?s={search_term_string}"},"query-input":"required name=search_term_string"}],"inLanguage":"es"}]}},"jetpack_sharing_enabled":true,"jetpack_shortlink":"https:\/\/wp.me\/P7xOKx-3iy","_links":{"self":[{"href":"https:\/\/pereboil.com\/es\/wp-json\/wp\/v2\/pages\/12682"}],"collection":[{"href":"https:\/\/pereboil.com\/es\/wp-json\/wp\/v2\/pages"}],"about":[{"href":"https:\/\/pereboil.com\/es\/wp-json\/wp\/v2\/types\/page"}],"author":[{"embeddable":true,"href":"https:\/\/pereboil.com\/es\/wp-json\/wp\/v2\/users\/1"}],"replies":[{"embeddable":true,"href":"https:\/\/pereboil.com\/es\/wp-json\/wp\/v2\/comments?post=12682"}],"version-history":[{"count":6,"href":"https:\/\/pereboil.com\/es\/wp-json\/wp\/v2\/pages\/12682\/revisions"}],"predecessor-version":[{"id":12806,"href":"https:\/\/pereboil.com\/es\/wp-json\/wp\/v2\/pages\/12682\/revisions\/12806"}],"wp:featuredmedia":[{"embeddable":true,"href":"https:\/\/pereboil.com\/es\/wp-json\/wp\/v2\/media\/21882"}],"wp:attachment":[{"href":"https:\/\/pereboil.com\/es\/wp-json\/wp\/v2\/media?parent=12682"}],"curies":[{"name":"wp","href":"https:\/\/api.w.org\/{rel}","templated":true}]}}